{"id":935,"date":"2017-02-13T21:38:11","date_gmt":"2017-02-13T20:38:11","guid":{"rendered":"https:\/\/comlmkidsandfamily.fr\/?page_id=935"},"modified":"2020-12-10T16:34:32","modified_gmt":"2020-12-10T15:34:32","slug":"le-lab","status":"publish","type":"page","link":"https:\/\/comlmkidsandfamily.fr\/index.php\/offres-cle-en-main\/le-lab\/","title":{"rendered":"Le Lab"},"content":{"rendered":"\t\t<div data-elementor-type=\"wp-page\" data-elementor-id=\"935\" class=\"elementor elementor-935\">\n\t\t\t\t\t\t<section class=\"elementor-section elementor-top-section elementor-element elementor-element-368c29c elementor-section-boxed elementor-section-height-default elementor-section-height-default\" data-id=\"368c29c\" data-element_type=\"section\" data-e-type=\"section\">\n\t\t\t\t\t\t<div class=\"elementor-container elementor-column-gap-default\">\n\t\t\t\t\t<div class=\"elementor-column elementor-col-100 elementor-top-column elementor-element elementor-element-d695e62\" data-id=\"d695e62\" data-element_type=\"column\" data-e-type=\"column\">\n\t\t\t<div class=\"elementor-widget-wrap elementor-element-populated\">\n\t\t\t\t\t\t<div class=\"elementor-element elementor-element-8eb3a8d elementor-widget elementor-widget-image\" data-id=\"8eb3a8d\" data-element_type=\"widget\" data-e-type=\"widget\" data-widget_type=\"image.default\">\n\t\t\t\t<div class=\"elementor-widget-container\">\n\t\t\t\t\t\t\t\t\t\t\t\t\t\t\t<img fetchpriority=\"high\" decoding=\"async\" width=\"1911\" height=\"1077\" src=\"https:\/\/comlmkidsandfamily.fr\/wp-content\/uploads\/2017\/06\/LELAB-HD.png\" class=\"attachment-full size-full wp-image-1346\" alt=\"\" srcset=\"https:\/\/comlmkidsandfamily.fr\/wp-content\/uploads\/2017\/06\/LELAB-HD.png 1911w, https:\/\/comlmkidsandfamily.fr\/wp-content\/uploads\/2017\/06\/LELAB-HD-300x169.png 300w, https:\/\/comlmkidsandfamily.fr\/wp-content\/uploads\/2017\/06\/LELAB-HD-768x433.png 768w, https:\/\/comlmkidsandfamily.fr\/wp-content\/uploads\/2017\/06\/LELAB-HD-1024x577.png 1024w, https:\/\/comlmkidsandfamily.fr\/wp-content\/uploads\/2017\/06\/LELAB-HD-976x550.png 976w\" sizes=\"(max-width: 1911px) 100vw, 1911px\" \/>\t\t\t\t\t\t\t\t\t\t\t\t\t\t\t<\/div>\n\t\t\t\t<\/div>\n\t\t\t\t\t<\/div>\n\t\t<\/div>\n\t\t\t\t\t<\/div>\n\t\t<\/section>\n\t\t\t\t<section class=\"elementor-section elementor-top-section elementor-element elementor-element-d34ead9 elementor-section-full_width elementor-section-height-default elementor-section-height-default\" data-id=\"d34ead9\" data-element_type=\"section\" data-e-type=\"section\">\n\t\t\t\t\t\t<div class=\"elementor-container elementor-column-gap-default\">\n\t\t\t\t\t<div class=\"elementor-column elementor-col-100 elementor-top-column elementor-element elementor-element-67581f5\" data-id=\"67581f5\" data-element_type=\"column\" data-e-type=\"column\">\n\t\t\t<div class=\"elementor-widget-wrap elementor-element-populated\">\n\t\t\t\t\t\t<div class=\"elementor-element elementor-element-3dcbeb1 elementor-widget elementor-widget-spacer\" data-id=\"3dcbeb1\" data-element_type=\"widget\" data-e-type=\"widget\" data-widget_type=\"spacer.default\">\n\t\t\t\t<div class=\"elementor-widget-container\">\n\t\t\t\t\t\t\t<div class=\"elementor-spacer\">\n\t\t\t<div class=\"elementor-spacer-inner\"><\/div>\n\t\t<\/div>\n\t\t\t\t\t\t<\/div>\n\t\t\t\t<\/div>\n\t\t\t\t<div class=\"elementor-element elementor-element-85c0cdb elementor-view-framed elementor-shape-circle elementor-position-block-start elementor-mobile-position-block-start elementor-widget elementor-widget-icon-box\" data-id=\"85c0cdb\" data-element_type=\"widget\" data-e-type=\"widget\" data-widget_type=\"icon-box.default\">\n\t\t\t\t<div class=\"elementor-widget-container\">\n\t\t\t\t\t\t\t<div class=\"elementor-icon-box-wrapper\">\n\n\t\t\t\t\t\t<div class=\"elementor-icon-box-icon\">\n\t\t\t\t<span  class=\"elementor-icon elementor-animation-pulse\">\n\t\t\t\t<svg xmlns=\"http:\/\/www.w3.org\/2000\/svg\" id=\"fix_1\" height=\"512\" viewBox=\"0 0 24 24\" width=\"512\"><path d=\"m12 23c-.147 0-.287-.065-.383-.178l-11.5-13.659c-.133-.158-.155-.382-.056-.562l4.032-7.341c.088-.16.256-.26.438-.26h14.938c.183 0 .351.1.438.26l4.031 7.341c.1.181.077.404-.056.562l-11.5 13.659c-.095.113-.235.178-.382.178zm-10.896-14.219 10.896 12.943 10.896-12.943-3.723-6.781h-14.346z\"><\/path><path d=\"m23.25 9.5h-22.5c-.276 0-.5-.224-.5-.5s.224-.5.5-.5h22.5c.276 0 .5.224.5.5s-.224.5-.5.5z\"><\/path><path d=\"m17.062 9.219c-.157 0-.312-.074-.409-.213l-4.651-6.633-4.592 6.598c-.156.227-.469.282-.695.125-.228-.158-.283-.469-.125-.696l5-7.186c.093-.134.246-.214.409-.214h.001c.163 0 .315.079.409.213l5.062 7.219c.159.227.104.538-.122.696-.086.061-.187.091-.287.091z\"><\/path><path d=\"m12 23c-.212 0-.4-.133-.471-.332l-7.469-21c-.092-.261.044-.547.303-.639.262-.096.547.043.639.303l6.998 19.676 6.998-19.676c.092-.259.377-.397.639-.303.26.092.396.378.303.639l-7.469 21c-.071.199-.259.332-.471.332z\"><\/path><\/svg>\t\t\t\t<\/span>\n\t\t\t<\/div>\n\t\t\t\n\t\t\t\t\t\t<div class=\"elementor-icon-box-content\">\n\n\t\t\t\t\t\t\t\t\t<h3 class=\"elementor-icon-box-title\">\n\t\t\t\t\t\t<span  >\n\t\t\t\t\t\t\tTester sur les lieux de vies\t\t\t\t\t\t<\/span>\n\t\t\t\t\t<\/h3>\n\t\t\t\t\n\t\t\t\t\n\t\t\t<\/div>\n\t\t\t\n\t\t<\/div>\n\t\t\t\t\t\t<\/div>\n\t\t\t\t<\/div>\n\t\t\t\t\t<\/div>\n\t\t<\/div>\n\t\t\t\t\t<\/div>\n\t\t<\/section>\n\t\t\t\t<section class=\"elementor-section elementor-top-section elementor-element elementor-element-3f0b032 elementor-section-boxed elementor-section-height-default elementor-section-height-default\" data-id=\"3f0b032\" data-element_type=\"section\" data-e-type=\"section\" data-settings=\"{&quot;shape_divider_top&quot;:&quot;mountains&quot;,&quot;shape_divider_bottom&quot;:&quot;mountains&quot;}\">\n\t\t\t\t\t<div class=\"elementor-shape elementor-shape-top\" aria-hidden=\"true\" data-negative=\"false\">\n\t\t\t<svg xmlns=\"http:\/\/www.w3.org\/2000\/svg\" viewBox=\"0 0 1000 100\" preserveAspectRatio=\"none\">\n\t<path class=\"elementor-shape-fill\" opacity=\"0.33\" d=\"M473,67.3c-203.9,88.3-263.1-34-320.3,0C66,119.1,0,59.7,0,59.7V0h1000v59.7 c0,0-62.1,26.1-94.9,29.3c-32.8,3.3-62.8-12.3-75.8-22.1C806,49.6,745.3,8.7,694.9,4.7S492.4,59,473,67.3z\"\/>\n\t<path class=\"elementor-shape-fill\" opacity=\"0.66\" d=\"M734,67.3c-45.5,0-77.2-23.2-129.1-39.1c-28.6-8.7-150.3-10.1-254,39.1 s-91.7-34.4-149.2,0C115.7,118.3,0,39.8,0,39.8V0h1000v36.5c0,0-28.2-18.5-92.1-18.5C810.2,18.1,775.7,67.3,734,67.3z\"\/>\n\t<path class=\"elementor-shape-fill\" d=\"M766.1,28.9c-200-57.5-266,65.5-395.1,19.5C242,1.8,242,5.4,184.8,20.6C128,35.8,132.3,44.9,89.9,52.5C28.6,63.7,0,0,0,0 h1000c0,0-9.9,40.9-83.6,48.1S829.6,47,766.1,28.9z\"\/>\n<\/svg>\t\t<\/div>\n\t\t\t\t<div class=\"elementor-shape elementor-shape-bottom\" aria-hidden=\"true\" data-negative=\"false\">\n\t\t\t<svg xmlns=\"http:\/\/www.w3.org\/2000\/svg\" viewBox=\"0 0 1000 100\" preserveAspectRatio=\"none\">\n\t<path class=\"elementor-shape-fill\" opacity=\"0.33\" d=\"M473,67.3c-203.9,88.3-263.1-34-320.3,0C66,119.1,0,59.7,0,59.7V0h1000v59.7 c0,0-62.1,26.1-94.9,29.3c-32.8,3.3-62.8-12.3-75.8-22.1C806,49.6,745.3,8.7,694.9,4.7S492.4,59,473,67.3z\"\/>\n\t<path class=\"elementor-shape-fill\" opacity=\"0.66\" d=\"M734,67.3c-45.5,0-77.2-23.2-129.1-39.1c-28.6-8.7-150.3-10.1-254,39.1 s-91.7-34.4-149.2,0C115.7,118.3,0,39.8,0,39.8V0h1000v36.5c0,0-28.2-18.5-92.1-18.5C810.2,18.1,775.7,67.3,734,67.3z\"\/>\n\t<path class=\"elementor-shape-fill\" d=\"M766.1,28.9c-200-57.5-266,65.5-395.1,19.5C242,1.8,242,5.4,184.8,20.6C128,35.8,132.3,44.9,89.9,52.5C28.6,63.7,0,0,0,0 h1000c0,0-9.9,40.9-83.6,48.1S829.6,47,766.1,28.9z\"\/>\n<\/svg>\t\t<\/div>\n\t\t\t\t\t<div class=\"elementor-container elementor-column-gap-default\">\n\t\t\t\t\t<div class=\"elementor-column elementor-col-100 elementor-top-column elementor-element elementor-element-7cfa9d7\" data-id=\"7cfa9d7\" data-element_type=\"column\" data-e-type=\"column\">\n\t\t\t<div class=\"elementor-widget-wrap elementor-element-populated\">\n\t\t\t\t\t\t<div class=\"elementor-element elementor-element-eb73ef5 elementor-widget elementor-widget-image\" data-id=\"eb73ef5\" data-element_type=\"widget\" data-e-type=\"widget\" data-widget_type=\"image.default\">\n\t\t\t\t<div class=\"elementor-widget-container\">\n\t\t\t\t\t\t\t\t\t\t\t\t\t\t\t<img decoding=\"async\" width=\"1909\" height=\"1078\" src=\"https:\/\/comlmkidsandfamily.fr\/wp-content\/uploads\/2017\/12\/LELAB-visuel-2.png\" class=\"attachment-full size-full wp-image-1361\" alt=\"\" srcset=\"https:\/\/comlmkidsandfamily.fr\/wp-content\/uploads\/2017\/12\/LELAB-visuel-2.png 1909w, https:\/\/comlmkidsandfamily.fr\/wp-content\/uploads\/2017\/12\/LELAB-visuel-2-300x169.png 300w, https:\/\/comlmkidsandfamily.fr\/wp-content\/uploads\/2017\/12\/LELAB-visuel-2-768x434.png 768w, https:\/\/comlmkidsandfamily.fr\/wp-content\/uploads\/2017\/12\/LELAB-visuel-2-1024x578.png 1024w, https:\/\/comlmkidsandfamily.fr\/wp-content\/uploads\/2017\/12\/LELAB-visuel-2-974x550.png 974w\" sizes=\"(max-width: 1909px) 100vw, 1909px\" \/>\t\t\t\t\t\t\t\t\t\t\t\t\t\t\t<\/div>\n\t\t\t\t<\/div>\n\t\t\t\t\t<\/div>\n\t\t<\/div>\n\t\t\t\t\t<\/div>\n\t\t<\/section>\n\t\t\t\t<section class=\"elementor-section elementor-top-section elementor-element elementor-element-75c6ef5 animated-slow elementor-section-boxed elementor-section-height-default elementor-section-height-default elementor-invisible\" data-id=\"75c6ef5\" data-element_type=\"section\" data-e-type=\"section\" data-settings=\"{&quot;animation&quot;:&quot;fadeInUp&quot;}\">\n\t\t\t\t\t\t<div class=\"elementor-container elementor-column-gap-default\">\n\t\t\t\t\t<div class=\"elementor-column elementor-col-100 elementor-top-column elementor-element elementor-element-70ff1e0\" data-id=\"70ff1e0\" data-element_type=\"column\" data-e-type=\"column\" data-settings=\"{&quot;background_background&quot;:&quot;classic&quot;}\">\n\t\t\t<div class=\"elementor-widget-wrap elementor-element-populated\">\n\t\t\t\t\t\t<div class=\"elementor-element elementor-element-7c98830 elementor-view-framed elementor-shape-circle elementor-position-block-start elementor-mobile-position-block-start elementor-widget elementor-widget-icon-box\" data-id=\"7c98830\" data-element_type=\"widget\" data-e-type=\"widget\" data-widget_type=\"icon-box.default\">\n\t\t\t\t<div class=\"elementor-widget-container\">\n\t\t\t\t\t\t\t<div class=\"elementor-icon-box-wrapper\">\n\n\t\t\t\t\t\t<div class=\"elementor-icon-box-icon\">\n\t\t\t\t<span  class=\"elementor-icon\">\n\t\t\t\t<i aria-hidden=\"true\" class=\"fas fa-star\"><\/i>\t\t\t\t<\/span>\n\t\t\t<\/div>\n\t\t\t\n\t\t\t\t\t\t<div class=\"elementor-icon-box-content\">\n\n\t\t\t\t\t\t\t\t\t<h4 class=\"elementor-icon-box-title\">\n\t\t\t\t\t\t<span  >\n\t\t\t\t\t\t\tInvestir au plus juste !\t\t\t\t\t\t<\/span>\n\t\t\t\t\t<\/h4>\n\t\t\t\t\n\t\t\t\t\t\t\t\t\t<p class=\"elementor-icon-box-description\">\n\t\t\t\t\t\tOn se pose toujours des questions avant d'innover, nous vous proposons de vous appuyer sur notre panel de testeurs !\t\t\t\t\t<\/p>\n\t\t\t\t\n\t\t\t<\/div>\n\t\t\t\n\t\t<\/div>\n\t\t\t\t\t\t<\/div>\n\t\t\t\t<\/div>\n\t\t\t\t\t<\/div>\n\t\t<\/div>\n\t\t\t\t\t<\/div>\n\t\t<\/section>\n\t\t\t\t<section class=\"elementor-section elementor-top-section elementor-element elementor-element-4b5ac96 elementor-section-full_width elementor-section-height-default elementor-section-height-default\" data-id=\"4b5ac96\" data-element_type=\"section\" data-e-type=\"section\">\n\t\t\t\t\t\t<div class=\"elementor-container elementor-column-gap-default\">\n\t\t\t\t\t<div class=\"elementor-column elementor-col-100 elementor-top-column elementor-element elementor-element-2483f38\" data-id=\"2483f38\" data-element_type=\"column\" data-e-type=\"column\">\n\t\t\t<div class=\"elementor-widget-wrap elementor-element-populated\">\n\t\t\t\t\t\t<div class=\"elementor-element elementor-element-f56cd53 elementor-widget elementor-widget-spacer\" data-id=\"f56cd53\" data-element_type=\"widget\" data-e-type=\"widget\" data-widget_type=\"spacer.default\">\n\t\t\t\t<div class=\"elementor-widget-container\">\n\t\t\t\t\t\t\t<div class=\"elementor-spacer\">\n\t\t\t<div class=\"elementor-spacer-inner\"><\/div>\n\t\t<\/div>\n\t\t\t\t\t\t<\/div>\n\t\t\t\t<\/div>\n\t\t\t\t\t<\/div>\n\t\t<\/div>\n\t\t\t\t\t<\/div>\n\t\t<\/section>\n\t\t\t\t<\/div>\n\t\t","protected":false},"excerpt":{"rendered":"<p>Tester sur les lieux de vies Investir au plus juste ! On se pose toujours des questions avant d&rsquo;innover, nous vous proposons de vous appuyer sur notre panel de testeurs !<\/p>\n","protected":false},"author":1,"featured_media":0,"parent":14,"menu_order":0,"comment_status":"closed","ping_status":"closed","template":"","meta":{"content-type":"","footnotes":""},"class_list":["post-935","page","type-page","status-publish","hentry"],"yoast_head":"<!-- This site is optimized with the Yoast SEO plugin v27.6 - https:\/\/yoast.com\/product\/yoast-seo-wordpress\/ -->\n<title>Tester sur les lieux de vies des enfants et de la famille ( \u00e9coles, accueils de loisirs, ludo-m\u00e9diath\u00e8que...)<\/title>\n<meta name=\"description\" content=\"Investir au plus juste ! On se pose toujours des questions avant d&#039;innover, nous vous proposons de vous appuyer sur notre panel de testeurs pour valider votre concept, votre produit ou service !\" \/>\n<meta name=\"robots\" content=\"index, follow, max-snippet:-1, max-image-preview:large, max-video-preview:-1\" \/>\n<link rel=\"canonical\" href=\"https:\/\/comlmkidsandfamily.fr\/index.php\/offres-cle-en-main\/le-lab\/\" \/>\n<meta property=\"og:locale\" content=\"fr_FR\" \/>\n<meta property=\"og:type\" content=\"article\" \/>\n<meta property=\"og:title\" content=\"Tester sur les lieux de vies des enfants et de la famille ( \u00e9coles, accueils de loisirs, ludo-m\u00e9diath\u00e8que...)\" \/>\n<meta property=\"og:description\" content=\"Investir au plus juste ! On se pose toujours des questions avant d&#039;innover, nous vous proposons de vous appuyer sur notre panel de testeurs pour valider votre concept, votre produit ou service !\" \/>\n<meta property=\"og:url\" content=\"https:\/\/comlmkidsandfamily.fr\/index.php\/offres-cle-en-main\/le-lab\/\" \/>\n<meta property=\"article:modified_time\" content=\"2020-12-10T15:34:32+00:00\" \/>\n<meta property=\"og:image\" content=\"https:\/\/comlmkidsandfamily.fr\/wp-content\/uploads\/2017\/06\/LELAB-HD.png\" \/>\n<meta name=\"twitter:card\" content=\"summary_large_image\" \/>\n<script type=\"application\/ld+json\" class=\"yoast-schema-graph\">{\"@context\":\"https:\\\/\\\/schema.org\",\"@graph\":[{\"@type\":\"WebPage\",\"@id\":\"https:\\\/\\\/comlmkidsandfamily.fr\\\/index.php\\\/offres-cle-en-main\\\/le-lab\\\/\",\"url\":\"https:\\\/\\\/comlmkidsandfamily.fr\\\/index.php\\\/offres-cle-en-main\\\/le-lab\\\/\",\"name\":\"Tester sur les lieux de vies des enfants et de la famille ( \u00e9coles, accueils de loisirs, ludo-m\u00e9diath\u00e8que...)\",\"isPartOf\":{\"@id\":\"https:\\\/\\\/comlmkidsandfamily.fr\\\/#website\"},\"primaryImageOfPage\":{\"@id\":\"https:\\\/\\\/comlmkidsandfamily.fr\\\/index.php\\\/offres-cle-en-main\\\/le-lab\\\/#primaryimage\"},\"image\":{\"@id\":\"https:\\\/\\\/comlmkidsandfamily.fr\\\/index.php\\\/offres-cle-en-main\\\/le-lab\\\/#primaryimage\"},\"thumbnailUrl\":\"https:\\\/\\\/comlmkidsandfamily.fr\\\/wp-content\\\/uploads\\\/2017\\\/06\\\/LELAB-HD.png\",\"datePublished\":\"2017-02-13T20:38:11+00:00\",\"dateModified\":\"2020-12-10T15:34:32+00:00\",\"description\":\"Investir au plus juste ! On se pose toujours des questions avant d'innover, nous vous proposons de vous appuyer sur notre panel de testeurs pour valider votre concept, votre produit ou service !\",\"breadcrumb\":{\"@id\":\"https:\\\/\\\/comlmkidsandfamily.fr\\\/index.php\\\/offres-cle-en-main\\\/le-lab\\\/#breadcrumb\"},\"inLanguage\":\"fr-FR\",\"potentialAction\":[{\"@type\":\"ReadAction\",\"target\":[\"https:\\\/\\\/comlmkidsandfamily.fr\\\/index.php\\\/offres-cle-en-main\\\/le-lab\\\/\"]}]},{\"@type\":\"ImageObject\",\"inLanguage\":\"fr-FR\",\"@id\":\"https:\\\/\\\/comlmkidsandfamily.fr\\\/index.php\\\/offres-cle-en-main\\\/le-lab\\\/#primaryimage\",\"url\":\"https:\\\/\\\/comlmkidsandfamily.fr\\\/wp-content\\\/uploads\\\/2017\\\/06\\\/LELAB-HD.png\",\"contentUrl\":\"https:\\\/\\\/comlmkidsandfamily.fr\\\/wp-content\\\/uploads\\\/2017\\\/06\\\/LELAB-HD.png\",\"width\":1911,\"height\":1077},{\"@type\":\"BreadcrumbList\",\"@id\":\"https:\\\/\\\/comlmkidsandfamily.fr\\\/index.php\\\/offres-cle-en-main\\\/le-lab\\\/#breadcrumb\",\"itemListElement\":[{\"@type\":\"ListItem\",\"position\":1,\"name\":\"Accueil\",\"item\":\"https:\\\/\\\/comlmkidsandfamily.fr\\\/\"},{\"@type\":\"ListItem\",\"position\":2,\"name\":\"Offres\",\"item\":\"https:\\\/\\\/comlmkidsandfamily.fr\\\/index.php\\\/offres-cle-en-main\\\/\"},{\"@type\":\"ListItem\",\"position\":3,\"name\":\"Le Lab\"}]},{\"@type\":\"WebSite\",\"@id\":\"https:\\\/\\\/comlmkidsandfamily.fr\\\/#website\",\"url\":\"https:\\\/\\\/comlmkidsandfamily.fr\\\/\",\"name\":\"COM LM KIDS AND FAMILY\",\"description\":\"Cr\u00e9ateur d&#039;exp\u00e9rience &amp; de lien\",\"publisher\":{\"@id\":\"https:\\\/\\\/comlmkidsandfamily.fr\\\/#organization\"},\"potentialAction\":[{\"@type\":\"SearchAction\",\"target\":{\"@type\":\"EntryPoint\",\"urlTemplate\":\"https:\\\/\\\/comlmkidsandfamily.fr\\\/?s={search_term_string}\"},\"query-input\":{\"@type\":\"PropertyValueSpecification\",\"valueRequired\":true,\"valueName\":\"search_term_string\"}}],\"inLanguage\":\"fr-FR\"},{\"@type\":\"Organization\",\"@id\":\"https:\\\/\\\/comlmkidsandfamily.fr\\\/#organization\",\"name\":\"COM LM KIDS AND FAMILY\",\"url\":\"https:\\\/\\\/comlmkidsandfamily.fr\\\/\",\"logo\":{\"@type\":\"ImageObject\",\"inLanguage\":\"fr-FR\",\"@id\":\"https:\\\/\\\/comlmkidsandfamily.fr\\\/#\\\/schema\\\/logo\\\/image\\\/\",\"url\":\"https:\\\/\\\/comlmkidsandfamily.fr\\\/wp-content\\\/uploads\\\/2017\\\/06\\\/Sans-titre-4-1.png\",\"contentUrl\":\"https:\\\/\\\/comlmkidsandfamily.fr\\\/wp-content\\\/uploads\\\/2017\\\/06\\\/Sans-titre-4-1.png\",\"width\":732,\"height\":860,\"caption\":\"COM LM KIDS AND FAMILY\"},\"image\":{\"@id\":\"https:\\\/\\\/comlmkidsandfamily.fr\\\/#\\\/schema\\\/logo\\\/image\\\/\"}}]}<\/script>\n<!-- \/ Yoast SEO plugin. -->","yoast_head_json":{"title":"Tester sur les lieux de vies des enfants et de la famille ( \u00e9coles, accueils de loisirs, ludo-m\u00e9diath\u00e8que...)","description":"Investir au plus juste ! On se pose toujours des questions avant d'innover, nous vous proposons de vous appuyer sur notre panel de testeurs pour valider votre concept, votre produit ou service !","robots":{"index":"index","follow":"follow","max-snippet":"max-snippet:-1","max-image-preview":"max-image-preview:large","max-video-preview":"max-video-preview:-1"},"canonical":"https:\/\/comlmkidsandfamily.fr\/index.php\/offres-cle-en-main\/le-lab\/","og_locale":"fr_FR","og_type":"article","og_title":"Tester sur les lieux de vies des enfants et de la famille ( \u00e9coles, accueils de loisirs, ludo-m\u00e9diath\u00e8que...)","og_description":"Investir au plus juste ! On se pose toujours des questions avant d'innover, nous vous proposons de vous appuyer sur notre panel de testeurs pour valider votre concept, votre produit ou service !","og_url":"https:\/\/comlmkidsandfamily.fr\/index.php\/offres-cle-en-main\/le-lab\/","article_modified_time":"2020-12-10T15:34:32+00:00","og_image":[{"url":"https:\/\/comlmkidsandfamily.fr\/wp-content\/uploads\/2017\/06\/LELAB-HD.png","type":"","width":"","height":""}],"twitter_card":"summary_large_image","schema":{"@context":"https:\/\/schema.org","@graph":[{"@type":"WebPage","@id":"https:\/\/comlmkidsandfamily.fr\/index.php\/offres-cle-en-main\/le-lab\/","url":"https:\/\/comlmkidsandfamily.fr\/index.php\/offres-cle-en-main\/le-lab\/","name":"Tester sur les lieux de vies des enfants et de la famille ( \u00e9coles, accueils de loisirs, ludo-m\u00e9diath\u00e8que...)","isPartOf":{"@id":"https:\/\/comlmkidsandfamily.fr\/#website"},"primaryImageOfPage":{"@id":"https:\/\/comlmkidsandfamily.fr\/index.php\/offres-cle-en-main\/le-lab\/#primaryimage"},"image":{"@id":"https:\/\/comlmkidsandfamily.fr\/index.php\/offres-cle-en-main\/le-lab\/#primaryimage"},"thumbnailUrl":"https:\/\/comlmkidsandfamily.fr\/wp-content\/uploads\/2017\/06\/LELAB-HD.png","datePublished":"2017-02-13T20:38:11+00:00","dateModified":"2020-12-10T15:34:32+00:00","description":"Investir au plus juste ! On se pose toujours des questions avant d'innover, nous vous proposons de vous appuyer sur notre panel de testeurs pour valider votre concept, votre produit ou service !","breadcrumb":{"@id":"https:\/\/comlmkidsandfamily.fr\/index.php\/offres-cle-en-main\/le-lab\/#breadcrumb"},"inLanguage":"fr-FR","potentialAction":[{"@type":"ReadAction","target":["https:\/\/comlmkidsandfamily.fr\/index.php\/offres-cle-en-main\/le-lab\/"]}]},{"@type":"ImageObject","inLanguage":"fr-FR","@id":"https:\/\/comlmkidsandfamily.fr\/index.php\/offres-cle-en-main\/le-lab\/#primaryimage","url":"https:\/\/comlmkidsandfamily.fr\/wp-content\/uploads\/2017\/06\/LELAB-HD.png","contentUrl":"https:\/\/comlmkidsandfamily.fr\/wp-content\/uploads\/2017\/06\/LELAB-HD.png","width":1911,"height":1077},{"@type":"BreadcrumbList","@id":"https:\/\/comlmkidsandfamily.fr\/index.php\/offres-cle-en-main\/le-lab\/#breadcrumb","itemListElement":[{"@type":"ListItem","position":1,"name":"Accueil","item":"https:\/\/comlmkidsandfamily.fr\/"},{"@type":"ListItem","position":2,"name":"Offres","item":"https:\/\/comlmkidsandfamily.fr\/index.php\/offres-cle-en-main\/"},{"@type":"ListItem","position":3,"name":"Le Lab"}]},{"@type":"WebSite","@id":"https:\/\/comlmkidsandfamily.fr\/#website","url":"https:\/\/comlmkidsandfamily.fr\/","name":"COM LM KIDS AND FAMILY","description":"Cr\u00e9ateur d&#039;exp\u00e9rience &amp; de lien","publisher":{"@id":"https:\/\/comlmkidsandfamily.fr\/#organization"},"potentialAction":[{"@type":"SearchAction","target":{"@type":"EntryPoint","urlTemplate":"https:\/\/comlmkidsandfamily.fr\/?s={search_term_string}"},"query-input":{"@type":"PropertyValueSpecification","valueRequired":true,"valueName":"search_term_string"}}],"inLanguage":"fr-FR"},{"@type":"Organization","@id":"https:\/\/comlmkidsandfamily.fr\/#organization","name":"COM LM KIDS AND FAMILY","url":"https:\/\/comlmkidsandfamily.fr\/","logo":{"@type":"ImageObject","inLanguage":"fr-FR","@id":"https:\/\/comlmkidsandfamily.fr\/#\/schema\/logo\/image\/","url":"https:\/\/comlmkidsandfamily.fr\/wp-content\/uploads\/2017\/06\/Sans-titre-4-1.png","contentUrl":"https:\/\/comlmkidsandfamily.fr\/wp-content\/uploads\/2017\/06\/Sans-titre-4-1.png","width":732,"height":860,"caption":"COM LM KIDS AND FAMILY"},"image":{"@id":"https:\/\/comlmkidsandfamily.fr\/#\/schema\/logo\/image\/"}}]}},"_links":{"self":[{"href":"https:\/\/comlmkidsandfamily.fr\/index.php\/wp-json\/wp\/v2\/pages\/935","targetHints":{"allow":["GET"]}}],"collection":[{"href":"https:\/\/comlmkidsandfamily.fr\/index.php\/wp-json\/wp\/v2\/pages"}],"about":[{"href":"https:\/\/comlmkidsandfamily.fr\/index.php\/wp-json\/wp\/v2\/types\/page"}],"author":[{"embeddable":true,"href":"https:\/\/comlmkidsandfamily.fr\/index.php\/wp-json\/wp\/v2\/users\/1"}],"replies":[{"embeddable":true,"href":"https:\/\/comlmkidsandfamily.fr\/index.php\/wp-json\/wp\/v2\/comments?post=935"}],"version-history":[{"count":0,"href":"https:\/\/comlmkidsandfamily.fr\/index.php\/wp-json\/wp\/v2\/pages\/935\/revisions"}],"up":[{"embeddable":true,"href":"https:\/\/comlmkidsandfamily.fr\/index.php\/wp-json\/wp\/v2\/pages\/14"}],"wp:attachment":[{"href":"https:\/\/comlmkidsandfamily.fr\/index.php\/wp-json\/wp\/v2\/media?parent=935"}],"curies":[{"name":"wp","href":"https:\/\/api.w.org\/{rel}","templated":true}]}}